{"id":50,"date":"2025-07-11T19:12:12","date_gmt":"2025-07-11T17:12:12","guid":{"rendered":"https:\/\/posprzatane.bartoszmatuszewski.pl\/?page_id=50"},"modified":"2025-07-11T21:39:34","modified_gmt":"2025-07-11T19:39:34","slug":"cleano-faq","status":"publish","type":"page","link":"https:\/\/posprzatane.bartoszmatuszewski.pl\/?page_id=50","title":{"rendered":"Cleano FAQ"},"content":{"rendered":"\t\t<div data-elementor-type=\"wp-page\" data-elementor-id=\"50\" class=\"elementor elementor-50\" data-elementor-post-type=\"page\">\n\t\t\t\t\t\t<section class=\"elementor-section elementor-top-section elementor-element elementor-element-c689c0d elementor-section-boxed elementor-section-height-default elementor-section-height-default\" data-id=\"c689c0d\" data-element_type=\"section\" data-settings=\"{&quot;background_background&quot;:&quot;classic&quot;}\">\n\t\t\t\t\t\t\t<div class=\"elementor-background-overlay\"><\/div>\n\t\t\t\t\t\t\t<div class=\"elementor-container elementor-column-gap-default\">\n\t\t\t\t\t<div class=\"elementor-column elementor-col-100 elementor-top-column elementor-element elementor-element-c1ec2ac\" data-id=\"c1ec2ac\" data-element_type=\"column\">\n\t\t\t<div class=\"elementor-widget-wrap elementor-element-populated\">\n\t\t\t\t\t\t<section class=\"elementor-section elementor-inner-section elementor-element elementor-element-3b229e7 elementor-section-boxed elementor-section-height-default elementor-section-height-default\" data-id=\"3b229e7\" data-element_type=\"section\">\n\t\t\t\t\t\t<div class=\"elementor-container elementor-column-gap-default\">\n\t\t\t\t\t<div class=\"elementor-column elementor-col-100 elementor-inner-column elementor-element elementor-element-c7bd4c7\" data-id=\"c7bd4c7\" data-element_type=\"column\">\n\t\t\t<div class=\"elementor-widget-wrap elementor-element-populated\">\n\t\t\t\t\t\t<div class=\"elementor-element elementor-element-ac2c68a elementor-widget elementor-widget-heading\" data-id=\"ac2c68a\" data-element_type=\"widget\" data-widget_type=\"heading.default\">\n\t\t\t\t\t<h2 class=\"elementor-heading-title elementor-size-default\">FAQ<\/h2>\t\t\t\t<\/div>\n\t\t\t\t\t<\/div>\n\t\t<\/div>\n\t\t\t\t\t<\/div>\n\t\t<\/section>\n\t\t\t\t\t<\/div>\n\t\t<\/div>\n\t\t\t\t\t<\/div>\n\t\t<\/section>\n\t\t\t\t<section class=\"elementor-section elementor-top-section elementor-element elementor-element-1a2fad9 elementor-section-boxed elementor-section-height-default elementor-section-height-default\" data-id=\"1a2fad9\" data-element_type=\"section\">\n\t\t\t\t\t\t<div class=\"elementor-container elementor-column-gap-default\">\n\t\t\t\t\t<div class=\"elementor-column elementor-col-100 elementor-top-column elementor-element elementor-element-c72490d\" data-id=\"c72490d\" data-element_type=\"column\">\n\t\t\t<div class=\"elementor-widget-wrap elementor-element-populated\">\n\t\t\t\t\t\t<section class=\"elementor-section elementor-inner-section elementor-element elementor-element-89ec3ed elementor-section-boxed elementor-section-height-default elementor-section-height-default\" data-id=\"89ec3ed\" data-element_type=\"section\">\n\t\t\t\t\t\t<div class=\"elementor-container elementor-column-gap-default\">\n\t\t\t\t\t<div class=\"elementor-column elementor-col-100 elementor-inner-column elementor-element elementor-element-b122184\" data-id=\"b122184\" data-element_type=\"column\">\n\t\t\t<div class=\"elementor-widget-wrap elementor-element-populated\">\n\t\t\t\t\t\t<div class=\"elementor-element elementor-element-5e7726c elementor-widget elementor-widget-heading\" data-id=\"5e7726c\" data-element_type=\"widget\" data-widget_type=\"heading.default\">\n\t\t\t\t\t<h2 class=\"elementor-heading-title elementor-size-default\">Najcz\u0119\u015bciej zadawane pytania<\/h2>\t\t\t\t<\/div>\n\t\t\t\t<div class=\"elementor-element elementor-element-54728d7 elementor-widget elementor-widget-heading\" data-id=\"54728d7\" data-element_type=\"widget\" data-widget_type=\"heading.default\">\n\t\t\t\t\t<h2 class=\"elementor-heading-title elementor-size-default\">Masz jakie\u015b pytania ? Mo\u017ce znamy ju\u017c odpowied\u017a !<\/h2>\t\t\t\t<\/div>\n\t\t\t\t\t<\/div>\n\t\t<\/div>\n\t\t\t\t\t<\/div>\n\t\t<\/section>\n\t\t\t\t<section class=\"elementor-section elementor-inner-section elementor-element elementor-element-a67042f elementor-section-boxed elementor-section-height-default elementor-section-height-default\" data-id=\"a67042f\" data-element_type=\"section\">\n\t\t\t\t\t\t<div class=\"elementor-container elementor-column-gap-default\">\n\t\t\t\t\t<div class=\"elementor-column elementor-col-50 elementor-inner-column elementor-element elementor-element-0dc9c3a\" data-id=\"0dc9c3a\" data-element_type=\"column\">\n\t\t\t<div class=\"elementor-widget-wrap elementor-element-populated\">\n\t\t\t\t\t\t<div class=\"elementor-element elementor-element-f5a0a00 animated-slow elementor-invisible elementor-widget elementor-widget-eael-adv-accordion\" data-id=\"f5a0a00\" data-element_type=\"widget\" data-settings=\"{&quot;_animation&quot;:&quot;zoomIn&quot;,&quot;_animation_delay&quot;:500}\" data-widget_type=\"eael-adv-accordion.default\">\n\t\t\t\t\t        <div class=\"eael-adv-accordion\" id=\"eael-adv-accordion-f5a0a00\" data-scroll-on-click=\"no\" data-scroll-speed=\"300\" data-accordion-id=\"f5a0a00\" data-accordion-type=\"accordion\" data-toogle-speed=\"300\">\n    <div class=\"eael-accordion-list\">\n                <div id=\"jak-zacz-\" class=\"elementor-tab-title eael-accordion-header\" tabindex=\"0\" data-tab=\"1\" aria-controls=\"elementor-tab-content-2571\"><span class=\"eael-accordion-tab-title\">Jak zacz\u0105\u0107 ?<\/span><span class=\"eael-advanced-accordion-icon-closed\"><svg aria-hidden=\"true\" class=\"fa-accordion-icon e-font-icon-svg e-fas-plus\" viewBox=\"0 0 448 512\" xmlns=\"http:\/\/www.w3.org\/2000\/svg\"><path d=\"M416 208H272V64c0-17.67-14.33-32-32-32h-32c-17.67 0-32 14.33-32 32v144H32c-17.67 0-32 14.33-32 32v32c0 17.67 14.33 32 32 32h144v144c0 17.67 14.33 32 32 32h32c17.67 0 32-14.33 32-32V304h144c17.67 0 32-14.33 32-32v-32c0-17.67-14.33-32-32-32z\"><\/path><\/svg><\/span><span class=\"eael-advanced-accordion-icon-opened\"><svg aria-hidden=\"true\" class=\"fa-accordion-icon e-font-icon-svg e-fas-minus\" viewBox=\"0 0 448 512\" xmlns=\"http:\/\/www.w3.org\/2000\/svg\"><path d=\"M416 208H32c-17.67 0-32 14.33-32 32v32c0 17.67 14.33 32 32 32h384c17.67 0 32-14.33 32-32v-32c0-17.67-14.33-32-32-32z\"><\/path><\/svg><\/span><\/div><div id=\"elementor-tab-content-2571\" class=\"eael-accordion-content clearfix\" data-tab=\"1\" aria-labelledby=\"jak-zacz-\"><p>Po prostu, skontaktuj si\u0119 z nami telefonicznie, e-mailowo b\u0105d\u017a odwied\u017a nas osobi\u015bcie ! Kawa ju\u017c czeka.<\/p><\/div>\n                <\/div><div class=\"eael-accordion-list\">\n                <div id=\"w-jakich-godzinach-pracujecie\" class=\"elementor-tab-title eael-accordion-header\" tabindex=\"0\" data-tab=\"2\" aria-controls=\"elementor-tab-content-2572\"><span class=\"eael-accordion-tab-title\">W jakich godzinach pracujecie?<\/span><span class=\"eael-advanced-accordion-icon-closed\"><svg aria-hidden=\"true\" class=\"fa-accordion-icon e-font-icon-svg e-fas-plus\" viewBox=\"0 0 448 512\" xmlns=\"http:\/\/www.w3.org\/2000\/svg\"><path d=\"M416 208H272V64c0-17.67-14.33-32-32-32h-32c-17.67 0-32 14.33-32 32v144H32c-17.67 0-32 14.33-32 32v32c0 17.67 14.33 32 32 32h144v144c0 17.67 14.33 32 32 32h32c17.67 0 32-14.33 32-32V304h144c17.67 0 32-14.33 32-32v-32c0-17.67-14.33-32-32-32z\"><\/path><\/svg><\/span><span class=\"eael-advanced-accordion-icon-opened\"><svg aria-hidden=\"true\" class=\"fa-accordion-icon e-font-icon-svg e-fas-minus\" viewBox=\"0 0 448 512\" xmlns=\"http:\/\/www.w3.org\/2000\/svg\"><path d=\"M416 208H32c-17.67 0-32 14.33-32 32v32c0 17.67 14.33 32 32 32h384c17.67 0 32-14.33 32-32v-32c0-17.67-14.33-32-32-32z\"><\/path><\/svg><\/span><\/div><div id=\"elementor-tab-content-2572\" class=\"eael-accordion-content clearfix\" data-tab=\"2\" aria-labelledby=\"w-jakich-godzinach-pracujecie\"><p>Nie mamy sztywnych ram czasowych. Je\u015bli wymaga tego sytuacja, b\u0119dziemy sprz\u0105ta\u0107 nawet i do 22. Zazwyczaj jednak prace zaczynaj\u0105 si\u0119 od 9 rano a ko\u0144cz\u0105 najp\u00f3\u017aniej o 20.<\/p><\/div>\n                <\/div><div class=\"eael-accordion-list\">\n                <div id=\"czy-w-sytuacji-braku-satysfakcji-z-usugi-zwracacie-cz-pienidzy-\" class=\"elementor-tab-title eael-accordion-header\" tabindex=\"0\" data-tab=\"3\" aria-controls=\"elementor-tab-content-2573\"><span class=\"eael-accordion-tab-title\">Czy w sytuacji braku satysfakcji z us\u0142ugi, zwracacie cz\u0119\u015b\u0107 pieni\u0119dzy ?<\/span><span class=\"eael-advanced-accordion-icon-closed\"><svg aria-hidden=\"true\" class=\"fa-accordion-icon e-font-icon-svg e-fas-plus\" viewBox=\"0 0 448 512\" xmlns=\"http:\/\/www.w3.org\/2000\/svg\"><path d=\"M416 208H272V64c0-17.67-14.33-32-32-32h-32c-17.67 0-32 14.33-32 32v144H32c-17.67 0-32 14.33-32 32v32c0 17.67 14.33 32 32 32h144v144c0 17.67 14.33 32 32 32h32c17.67 0 32-14.33 32-32V304h144c17.67 0 32-14.33 32-32v-32c0-17.67-14.33-32-32-32z\"><\/path><\/svg><\/span><span class=\"eael-advanced-accordion-icon-opened\"><svg aria-hidden=\"true\" class=\"fa-accordion-icon e-font-icon-svg e-fas-minus\" viewBox=\"0 0 448 512\" xmlns=\"http:\/\/www.w3.org\/2000\/svg\"><path d=\"M416 208H32c-17.67 0-32 14.33-32 32v32c0 17.67 14.33 32 32 32h384c17.67 0 32-14.33 32-32v-32c0-17.67-14.33-32-32-32z\"><\/path><\/svg><\/span><\/div><div id=\"elementor-tab-content-2573\" class=\"eael-accordion-content clearfix\" data-tab=\"3\" aria-labelledby=\"czy-w-sytuacji-braku-satysfakcji-z-usugi-zwracacie-cz-pienidzy-\"><p>W naszej historii nigdy si\u0119 to nie wydarzy\u0142o. Jednak gdy b\u0119dzie wymaga\u0142a tego od nas sytuacja, jeste\u015bmy elastyczni. Traktujemy naszych klient\u00f3w jak partner\u00f3w, nie jak wrog\u00f3w.<\/p><\/div>\n                <\/div><div class=\"eael-accordion-list\">\n                <div id=\"potrzebuj-wyceny-\" class=\"elementor-tab-title eael-accordion-header\" tabindex=\"0\" data-tab=\"4\" aria-controls=\"elementor-tab-content-2574\"><span class=\"eael-accordion-tab-title\">Potrzebuj\u0119 wyceny !<\/span><span class=\"eael-advanced-accordion-icon-closed\"><svg aria-hidden=\"true\" class=\"fa-accordion-icon e-font-icon-svg e-fas-plus\" viewBox=\"0 0 448 512\" xmlns=\"http:\/\/www.w3.org\/2000\/svg\"><path d=\"M416 208H272V64c0-17.67-14.33-32-32-32h-32c-17.67 0-32 14.33-32 32v144H32c-17.67 0-32 14.33-32 32v32c0 17.67 14.33 32 32 32h144v144c0 17.67 14.33 32 32 32h32c17.67 0 32-14.33 32-32V304h144c17.67 0 32-14.33 32-32v-32c0-17.67-14.33-32-32-32z\"><\/path><\/svg><\/span><span class=\"eael-advanced-accordion-icon-opened\"><svg aria-hidden=\"true\" class=\"fa-accordion-icon e-font-icon-svg e-fas-minus\" viewBox=\"0 0 448 512\" xmlns=\"http:\/\/www.w3.org\/2000\/svg\"><path d=\"M416 208H32c-17.67 0-32 14.33-32 32v32c0 17.67 14.33 32 32 32h384c17.67 0 32-14.33 32-32v-32c0-17.67-14.33-32-32-32z\"><\/path><\/svg><\/span><\/div><div id=\"elementor-tab-content-2574\" class=\"eael-accordion-content clearfix\" data-tab=\"4\" aria-labelledby=\"potrzebuj-wyceny-\"><p>Skontaktuj si\u0119 z nami i doprecyzuj zakres us\u0142ugi, mo\u017cesz podes\u0142a\u0107 zdj\u0119cia b\u0105d\u017a film, wtedy ustalimy wst\u0119pny koszt wykonania us\u0142ugi. Pami\u0119taj jednak, \u017ce zale\u017c\u0105 one od wielu czynnik\u00f3w. Dlatego te\u017c cena ko\u0144cowa mo\u017ce si\u0119 r\u00f3\u017cni\u0107.<\/p><\/div>\n                <\/div><div class=\"eael-accordion-list\">\n                <div id=\"co-jeli-zniszczycie-moje-rzeczy-\" class=\"elementor-tab-title eael-accordion-header\" tabindex=\"0\" data-tab=\"5\" aria-controls=\"elementor-tab-content-2575\"><span class=\"eael-accordion-tab-title\">Co je\u015bli zniszczycie moje rzeczy ?<\/span><span class=\"eael-advanced-accordion-icon-closed\"><svg aria-hidden=\"true\" class=\"fa-accordion-icon e-font-icon-svg e-fas-plus\" viewBox=\"0 0 448 512\" xmlns=\"http:\/\/www.w3.org\/2000\/svg\"><path d=\"M416 208H272V64c0-17.67-14.33-32-32-32h-32c-17.67 0-32 14.33-32 32v144H32c-17.67 0-32 14.33-32 32v32c0 17.67 14.33 32 32 32h144v144c0 17.67 14.33 32 32 32h32c17.67 0 32-14.33 32-32V304h144c17.67 0 32-14.33 32-32v-32c0-17.67-14.33-32-32-32z\"><\/path><\/svg><\/span><span class=\"eael-advanced-accordion-icon-opened\"><svg aria-hidden=\"true\" class=\"fa-accordion-icon e-font-icon-svg e-fas-minus\" viewBox=\"0 0 448 512\" xmlns=\"http:\/\/www.w3.org\/2000\/svg\"><path d=\"M416 208H32c-17.67 0-32 14.33-32 32v32c0 17.67 14.33 32 32 32h384c17.67 0 32-14.33 32-32v-32c0-17.67-14.33-32-32-32z\"><\/path><\/svg><\/span><\/div><div id=\"elementor-tab-content-2575\" class=\"eael-accordion-content clearfix\" data-tab=\"5\" aria-labelledby=\"co-jeli-zniszczycie-moje-rzeczy-\"><p>Jeste\u015bmy ubezpieczeni od takich sytuacji. Zdarza si\u0119 to rzadko, bo wykonujemy swoj\u0105 prac\u0119 profesjonalnie. Ale gdyby co\u015b si\u0119 sta\u0142o, nie musisz si\u0119 martwi\u0107. Dostaniesz pe\u0142n\u0105 rekompensat\u0119 b\u0105d\u017a nowy, taki sam przedmiot.<\/p><\/div>\n                <\/div><\/div>\t\t\t\t<\/div>\n\t\t\t\t\t<\/div>\n\t\t<\/div>\n\t\t\t\t<div class=\"elementor-column elementor-col-50 elementor-inner-column elementor-element elementor-element-9861cc9\" data-id=\"9861cc9\" data-element_type=\"column\">\n\t\t\t<div class=\"elementor-widget-wrap elementor-element-populated\">\n\t\t\t\t\t\t<div class=\"elementor-element elementor-element-fb1589c animated-slow elementor-invisible elementor-widget elementor-widget-image\" data-id=\"fb1589c\" data-element_type=\"widget\" data-settings=\"{&quot;_animation&quot;:&quot;fadeIn&quot;,&quot;_animation_delay&quot;:400}\" data-widget_type=\"image.default\">\n\t\t\t\t\t\t\t\t\t\t\t\t\t\t\t<img fetchpriority=\"high\" decoding=\"async\" width=\"760\" height=\"1030\" src=\"https:\/\/posprzatane.bartoszmatuszewski.pl\/wp-content\/uploads\/2025\/07\/5e81b82f-adult-businessman-feeling-confused-clueless-wondering-about-doubtful-explanation-thought-1.png\" class=\"attachment-full size-full wp-image-122\" alt=\"\" srcset=\"https:\/\/posprzatane.bartoszmatuszewski.pl\/wp-content\/uploads\/2025\/07\/5e81b82f-adult-businessman-feeling-confused-clueless-wondering-about-doubtful-explanation-thought-1.png 760w, https:\/\/posprzatane.bartoszmatuszewski.pl\/wp-content\/uploads\/2025\/07\/5e81b82f-adult-businessman-feeling-confused-clueless-wondering-about-doubtful-explanation-thought-1-221x300.png 221w, https:\/\/posprzatane.bartoszmatuszewski.pl\/wp-content\/uploads\/2025\/07\/5e81b82f-adult-businessman-feeling-confused-clueless-wondering-about-doubtful-explanation-thought-1-756x1024.png 756w\" sizes=\"(max-width: 760px) 100vw, 760px\" \/>\t\t\t\t\t\t\t\t\t\t\t\t\t\t\t<\/div>\n\t\t\t\t\t<\/div>\n\t\t<\/div>\n\t\t\t\t\t<\/div>\n\t\t<\/section>\n\t\t\t\t\t<\/div>\n\t\t<\/div>\n\t\t\t\t\t<\/div>\n\t\t<\/section>\n\t\t\t\t<section class=\"elementor-section elementor-top-section elementor-element elementor-element-cbc9a92 elementor-section-full_width elementor-section-height-default elementor-section-height-default\" data-id=\"cbc9a92\" data-element_type=\"section\" data-settings=\"{&quot;background_background&quot;:&quot;classic&quot;}\">\n\t\t\t\t\t\t<div class=\"elementor-container elementor-column-gap-default\">\n\t\t\t\t\t<div class=\"elementor-column elementor-col-100 elementor-top-column elementor-element elementor-element-16059e6\" data-id=\"16059e6\" data-element_type=\"column\">\n\t\t\t<div class=\"elementor-widget-wrap elementor-element-populated\">\n\t\t\t\t\t\t<section class=\"elementor-section elementor-inner-section elementor-element elementor-element-1eaa866 elementor-section-boxed elementor-section-height-default elementor-section-height-default\" data-id=\"1eaa866\" data-element_type=\"section\">\n\t\t\t\t\t\t<div class=\"elementor-container elementor-column-gap-default\">\n\t\t\t\t\t<div class=\"elementor-column elementor-col-100 elementor-inner-column elementor-element elementor-element-eee6b5c\" data-id=\"eee6b5c\" data-element_type=\"column\">\n\t\t\t<div class=\"elementor-widget-wrap elementor-element-populated\">\n\t\t\t\t\t\t<div class=\"elementor-element elementor-element-4d8a2f7 animated-slow elementor-invisible elementor-widget elementor-widget-heading\" data-id=\"4d8a2f7\" data-element_type=\"widget\" data-settings=\"{&quot;_animation&quot;:&quot;fadeIn&quot;}\" data-widget_type=\"heading.default\">\n\t\t\t\t\t<h2 class=\"elementor-heading-title elementor-size-default\">OPINIE KLIENT\u00d3W<\/h2>\t\t\t\t<\/div>\n\t\t\t\t<div class=\"elementor-element elementor-element-379b472 animated-slow elementor-invisible elementor-widget elementor-widget-heading\" data-id=\"379b472\" data-element_type=\"widget\" data-settings=\"{&quot;_animation&quot;:&quot;fadeIn&quot;}\" data-widget_type=\"heading.default\">\n\t\t\t\t\t<h2 class=\"elementor-heading-title elementor-size-default\">To m\u00f3wi\u0105 o nas klienci!<\/h2>\t\t\t\t<\/div>\n\t\t\t\t\t<\/div>\n\t\t<\/div>\n\t\t\t\t\t<\/div>\n\t\t<\/section>\n\t\t\t\t<section class=\"elementor-section elementor-inner-section elementor-element elementor-element-3996808 elementor-section-content-middle elementor-section-boxed elementor-section-height-default elementor-section-height-default\" data-id=\"3996808\" data-element_type=\"section\">\n\t\t\t\t\t\t<div class=\"elementor-container elementor-column-gap-no\">\n\t\t\t\t\t<div class=\"elementor-column elementor-col-33 elementor-inner-column elementor-element elementor-element-6c0c60c\" data-id=\"6c0c60c\" data-element_type=\"column\">\n\t\t\t<div class=\"elementor-widget-wrap elementor-element-populated\">\n\t\t\t\t\t\t<div class=\"elementor-element elementor-element-671b966 animated-slow elementor-invisible elementor-widget elementor-widget-image\" data-id=\"671b966\" data-element_type=\"widget\" data-settings=\"{&quot;_animation&quot;:&quot;fadeIn&quot;,&quot;_animation_delay&quot;:500}\" data-widget_type=\"image.default\">\n\t\t\t\t\t\t\t\t\t\t\t\t\t\t\t<img decoding=\"async\" width=\"101\" height=\"100\" src=\"https:\/\/posprzatane.bartoszmatuszewski.pl\/wp-content\/uploads\/2025\/07\/a281deb1-image-1.png\" class=\"attachment-full size-full wp-image-109\" alt=\"\" \/>\t\t\t\t\t\t\t\t\t\t\t\t\t\t\t<\/div>\n\t\t\t\t<div class=\"elementor-element elementor-element-da0f31a animated-slow elementor-invisible elementor-widget elementor-widget-image\" data-id=\"da0f31a\" data-element_type=\"widget\" data-settings=\"{&quot;_animation&quot;:&quot;fadeIn&quot;,&quot;_animation_delay&quot;:700}\" data-widget_type=\"image.default\">\n\t\t\t\t\t\t\t\t\t\t\t\t\t\t\t<img decoding=\"async\" width=\"101\" height=\"101\" src=\"https:\/\/posprzatane.bartoszmatuszewski.pl\/wp-content\/uploads\/2025\/07\/c1b3379c-image-8.png\" class=\"attachment-full size-full wp-image-110\" alt=\"\" \/>\t\t\t\t\t\t\t\t\t\t\t\t\t\t\t<\/div>\n\t\t\t\t\t<\/div>\n\t\t<\/div>\n\t\t\t\t<div class=\"elementor-column elementor-col-33 elementor-inner-column elementor-element elementor-element-53ebdfd\" data-id=\"53ebdfd\" data-element_type=\"column\">\n\t\t\t<div class=\"elementor-widget-wrap elementor-element-populated\">\n\t\t\t\t\t\t<div class=\"elementor-element elementor-element-0f1b930 animated-slow elementor-invisible elementor-widget elementor-widget-image\" data-id=\"0f1b930\" data-element_type=\"widget\" data-settings=\"{&quot;_animation&quot;:&quot;fadeIn&quot;,&quot;_animation_delay&quot;:200}\" data-widget_type=\"image.default\">\n\t\t\t\t\t\t\t\t\t\t\t\t\t\t\t<img loading=\"lazy\" decoding=\"async\" width=\"160\" height=\"160\" src=\"https:\/\/posprzatane.bartoszmatuszewski.pl\/wp-content\/uploads\/2025\/07\/bbe536f6-image-7.png\" class=\"attachment-full size-full wp-image-111\" alt=\"\" srcset=\"https:\/\/posprzatane.bartoszmatuszewski.pl\/wp-content\/uploads\/2025\/07\/bbe536f6-image-7.png 160w, https:\/\/posprzatane.bartoszmatuszewski.pl\/wp-content\/uploads\/2025\/07\/bbe536f6-image-7-150x150.png 150w, https:\/\/posprzatane.bartoszmatuszewski.pl\/wp-content\/uploads\/2025\/07\/bbe536f6-image-7-100x100.png 100w\" sizes=\"(max-width: 160px) 100vw, 160px\" \/>\t\t\t\t\t\t\t\t\t\t\t\t\t\t\t<\/div>\n\t\t\t\t\t<\/div>\n\t\t<\/div>\n\t\t\t\t<div class=\"elementor-column elementor-col-33 elementor-inner-column elementor-element elementor-element-de73a50\" data-id=\"de73a50\" data-element_type=\"column\">\n\t\t\t<div class=\"elementor-widget-wrap elementor-element-populated\">\n\t\t\t\t\t\t<div class=\"elementor-element elementor-element-b0e036c animated-slow elementor-invisible elementor-widget elementor-widget-image\" data-id=\"b0e036c\" data-element_type=\"widget\" data-settings=\"{&quot;_animation&quot;:&quot;fadeIn&quot;,&quot;_animation_delay&quot;:500}\" data-widget_type=\"image.default\">\n\t\t\t\t\t\t\t\t\t\t\t\t\t\t\t<img loading=\"lazy\" decoding=\"async\" width=\"101\" height=\"101\" src=\"https:\/\/posprzatane.bartoszmatuszewski.pl\/wp-content\/uploads\/2025\/07\/78999c57-image-2.png\" class=\"attachment-full size-full wp-image-112\" alt=\"\" \/>\t\t\t\t\t\t\t\t\t\t\t\t\t\t\t<\/div>\n\t\t\t\t<div class=\"elementor-element elementor-element-dfa9256 animated-slow elementor-invisible elementor-widget elementor-widget-image\" data-id=\"dfa9256\" data-element_type=\"widget\" data-settings=\"{&quot;_animation&quot;:&quot;fadeIn&quot;,&quot;_animation_delay&quot;:700}\" data-widget_type=\"image.default\">\n\t\t\t\t\t\t\t\t\t\t\t\t\t\t\t<img loading=\"lazy\" decoding=\"async\" width=\"101\" height=\"100\" src=\"https:\/\/posprzatane.bartoszmatuszewski.pl\/wp-content\/uploads\/2025\/07\/38cf6a60-image-3.png\" class=\"attachment-full size-full wp-image-113\" alt=\"\" \/>\t\t\t\t\t\t\t\t\t\t\t\t\t\t\t<\/div>\n\t\t\t\t\t<\/div>\n\t\t<\/div>\n\t\t\t\t\t<\/div>\n\t\t<\/section>\n\t\t\t\t<section class=\"elementor-section elementor-inner-section elementor-element elementor-element-a739a59 elementor-section-boxed elementor-section-height-default elementor-section-height-default\" data-id=\"a739a59\" data-element_type=\"section\">\n\t\t\t\t\t\t<div class=\"elementor-container elementor-column-gap-no\">\n\t\t\t\t\t<div class=\"elementor-column elementor-col-100 elementor-inner-column elementor-element elementor-element-3922ec8\" data-id=\"3922ec8\" data-element_type=\"column\">\n\t\t\t<div class=\"elementor-widget-wrap elementor-element-populated\">\n\t\t\t\t\t\t<div class=\"elementor-element elementor-element-8e864e2 elementor-widget__width-initial elementor-widget-mobile__width-inherit animated-slow elementor-widget-tablet__width-initial elementor-invisible elementor-widget elementor-widget-eael-testimonial\" data-id=\"8e864e2\" data-element_type=\"widget\" data-settings=\"{&quot;_animation&quot;:&quot;slideInUp&quot;,&quot;_animation_delay&quot;:250}\" data-widget_type=\"eael-testimonial.default\">\n\t\t\t\t\t\n\t<div id=\"eael-testimonial-8e864e2\" class=\"eael-testimonial-item clearfix  default-style\">\n\t\t\t\t\n\t\t\n\t\t\t\t\t\t\t\t<div class=\"eael-testimonial-content\">\n\t\t\t\t<div class=\"eael-testimonial-text\"><p>Super sprawa! Zlecone w sobot\u0119 po 12, ekipa w poniedzia\u0142ek o 9 rano w mieszkaniu. Posprz\u0105tane w 5h po remoncie tak, \u017ce tylko zapach farb zdradza wykonany remont. Dzi\u0119kuj\u0119 ! Polecam wszystkim z czystym sercem.<\/p><\/div><p class=\"eael-testimonial-user\" style=\"display: block; float: none;\">Pawe\u0142 Gabry\u015b<\/p>\t\t\t<\/div>\n\t\t\n\t\t\n\t\t\n\t\t\n\t\t\n\t\t<span class=\"eael-testimonial-quote\"><\/span>\n\t<\/div>\n\n\t\t\t\t\t<\/div>\n\t\t\t\t\t<\/div>\n\t\t<\/div>\n\t\t\t\t\t<\/div>\n\t\t<\/section>\n\t\t\t\t<div class=\"elementor-element elementor-element-9c9dbc5 elementor-widget__width-auto elementor-absolute elementor-widget elementor-widget-image\" data-id=\"9c9dbc5\" data-element_type=\"widget\" data-settings=\"{&quot;_position&quot;:&quot;absolute&quot;}\" data-widget_type=\"image.default\">\n\t\t\t\t\t\t\t\t\t\t\t\t\t\t\t<img loading=\"lazy\" decoding=\"async\" width=\"212\" height=\"201\" src=\"https:\/\/posprzatane.bartoszmatuszewski.pl\/wp-content\/uploads\/2025\/07\/1cc3b1c8-group-64.png\" class=\"attachment-full size-full wp-image-114\" alt=\"\" \/>\t\t\t\t\t\t\t\t\t\t\t\t\t\t\t<\/div>\n\t\t\t\t<div class=\"elementor-element elementor-element-51ac568 elementor-widget__width-auto elementor-widget-tablet__width-auto elementor-absolute elementor-widget elementor-widget-image\" data-id=\"51ac568\" data-element_type=\"widget\" data-settings=\"{&quot;_position&quot;:&quot;absolute&quot;}\" data-widget_type=\"image.default\">\n\t\t\t\t\t\t\t\t\t\t\t\t\t\t\t<img loading=\"lazy\" decoding=\"async\" width=\"213\" height=\"201\" src=\"https:\/\/posprzatane.bartoszmatuszewski.pl\/wp-content\/uploads\/2025\/07\/486e53ef-group-95.png\" class=\"attachment-full size-full wp-image-115\" alt=\"\" \/>\t\t\t\t\t\t\t\t\t\t\t\t\t\t\t<\/div>\n\t\t\t\t\t<\/div>\n\t\t<\/div>\n\t\t\t\t\t<\/div>\n\t\t<\/section>\n\t\t\t\t<\/div>\n\t\t","protected":false},"excerpt":{"rendered":"<p>FAQ Najcz\u0119\u015bciej zadawane pytania Masz jakie\u015b pytania ? Mo\u017ce znamy ju\u017c odpowied\u017a ! Jak zacz\u0105\u0107 ? Po prostu, skontaktuj si\u0119 z nami telefonicznie, e-mailowo b\u0105d\u017a odwied\u017a nas osobi\u015bcie ! Kawa ju\u017c czeka. W jakich godzinach pracujecie? Nie mamy sztywnych ram czasowych. Je\u015bli wymaga tego sytuacja, b\u0119dziemy sprz\u0105ta\u0107 nawet i do 22. Zazwyczaj jednak prace zaczynaj\u0105 [&hellip;]<\/p>\n","protected":false},"author":1,"featured_media":0,"parent":0,"menu_order":0,"comment_status":"closed","ping_status":"closed","template":"elementor_header_footer","meta":{"footnotes":""},"class_list":["post-50","page","type-page","status-publish","hentry"],"_links":{"self":[{"href":"https:\/\/posprzatane.bartoszmatuszewski.pl\/index.php?rest_route=\/wp\/v2\/pages\/50","targetHints":{"allow":["GET"]}}],"collection":[{"href":"https:\/\/posprzatane.bartoszmatuszewski.pl\/index.php?rest_route=\/wp\/v2\/pages"}],"about":[{"href":"https:\/\/posprzatane.bartoszmatuszewski.pl\/index.php?rest_route=\/wp\/v2\/types\/page"}],"author":[{"embeddable":true,"href":"https:\/\/posprzatane.bartoszmatuszewski.pl\/index.php?rest_route=\/wp\/v2\/users\/1"}],"replies":[{"embeddable":true,"href":"https:\/\/posprzatane.bartoszmatuszewski.pl\/index.php?rest_route=%2Fwp%2Fv2%2Fcomments&post=50"}],"version-history":[{"count":19,"href":"https:\/\/posprzatane.bartoszmatuszewski.pl\/index.php?rest_route=\/wp\/v2\/pages\/50\/revisions"}],"predecessor-version":[{"id":173,"href":"https:\/\/posprzatane.bartoszmatuszewski.pl\/index.php?rest_route=\/wp\/v2\/pages\/50\/revisions\/173"}],"wp:attachment":[{"href":"https:\/\/posprzatane.bartoszmatuszewski.pl\/index.php?rest_route=%2Fwp%2Fv2%2Fmedia&parent=50"}],"curies":[{"name":"wp","href":"https:\/\/api.w.org\/{rel}","templated":true}]}}